{"id":2097,"date":"2023-09-01T07:00:07","date_gmt":"2023-09-01T07:00:07","guid":{"rendered":"https:\/\/schmierstoffedeutschland.de\/?page_id=2097"},"modified":"2024-09-09T13:17:54","modified_gmt":"2024-09-09T13:17:54","slug":"unternehmensphilosophie","status":"publish","type":"page","link":"https:\/\/schmierstoffedeutschland.de\/en_uk\/unternehmensphilosophie","title":{"rendered":"Corporate philosophy"},"content":{"rendered":"<div data-elementor-type=\"wp-page\" data-elementor-id=\"2097\" class=\"elementor elementor-2097\" data-elementor-post-type=\"page\">\n\t\t\t\t<div class=\"elementor-element elementor-element-9448368 e-flex e-con-boxed e-con e-parent\" data-id=\"9448368\" data-element_type=\"container\" data-e-type=\"container\" id=\"text\">\n\t\t\t\t\t<div class=\"e-con-inner\">\n\t\t\t\t<div class=\"elementor-element elementor-element-e08f481 elementor-widget__width-inherit elementor-widget elementor-widget-heading\" data-id=\"e08f481\" data-element_type=\"widget\" data-e-type=\"widget\" data-widget_type=\"heading.default\">\n\t\t\t\t<div class=\"elementor-widget-container\">\n\t\t\t\t\t<h1 class=\"elementor-heading-title elementor-size-default\">Corporate Philosophy\n<\/h1>\t\t\t\t<\/div>\n\t\t\t\t<\/div>\n\t\t<div class=\"elementor-element elementor-element-6c66297 e-con-full e-flex e-con e-child\" data-id=\"6c66297\" data-element_type=\"container\" data-e-type=\"container\">\n\t\t\t\t<div class=\"elementor-element elementor-element-38cd7fa elementor-widget__width-inherit elementor-widget elementor-widget-heading\" data-id=\"38cd7fa\" data-element_type=\"widget\" data-e-type=\"widget\" data-widget_type=\"heading.default\">\n\t\t\t\t<div class=\"elementor-widget-container\">\n\t\t\t\t\t<h2 class=\"elementor-heading-title elementor-size-default\">Dear Customers and Staff,<\/h2>\t\t\t\t<\/div>\n\t\t\t\t<\/div>\n\t\t\t\t<div class=\"elementor-element elementor-element-69b21e5 elementor-widget__width-inherit elementor-widget elementor-widget-text-editor\" data-id=\"69b21e5\" data-element_type=\"widget\" data-e-type=\"widget\" data-widget_type=\"text-editor.default\">\n\t\t\t\t<div class=\"elementor-widget-container\">\n\t\t\t\t\t<p>We all expect to get good quality products for the money that we spend. Our customers expect the same from us. We therefore have to produce quality work at every stage of the process. Our company has set itself the following principles for achieving its quality standards. Please help us to bring this about.<\/p>\t\t\t\t<\/div>\n\t\t\t\t<\/div>\n\t\t\t\t<div class=\"elementor-element elementor-element-4b69a11 elementor-widget__width-inherit elementor-widget elementor-widget-heading\" data-id=\"4b69a11\" data-element_type=\"widget\" data-e-type=\"widget\" data-widget_type=\"heading.default\">\n\t\t\t\t<div class=\"elementor-widget-container\">\n\t\t\t\t\t<h2 class=\"elementor-heading-title elementor-size-default\">QUALITY IS OF PARAMOUNT IMPORTANCE\n<\/h2>\t\t\t\t<\/div>\n\t\t\t\t<\/div>\n\t\t\t\t<div class=\"elementor-element elementor-element-7b8540f elementor-widget__width-inherit elementor-widget elementor-widget-text-editor\" data-id=\"7b8540f\" data-element_type=\"widget\" data-e-type=\"widget\" data-widget_type=\"text-editor.default\">\n\t\t\t\t<div class=\"elementor-widget-container\">\n\t\t\t\t\tOur customers have confidence in us because of our products and services. Quality must therefore be our first priority.\t\t\t\t<\/div>\n\t\t\t\t<\/div>\n\t\t\t\t<div class=\"elementor-element elementor-element-f12a232 elementor-widget__width-inherit elementor-widget elementor-widget-heading\" data-id=\"f12a232\" data-element_type=\"widget\" data-e-type=\"widget\" data-widget_type=\"heading.default\">\n\t\t\t\t<div class=\"elementor-widget-container\">\n\t\t\t\t\t<h2 class=\"elementor-heading-title elementor-size-default\">THE CUSTOMER IS THE FOCAL POINT OF OUR WORK.\n<\/h2>\t\t\t\t<\/div>\n\t\t\t\t<\/div>\n\t\t\t\t<div class=\"elementor-element elementor-element-5a9cdb5 elementor-widget__width-inherit elementor-widget elementor-widget-text-editor\" data-id=\"5a9cdb5\" data-element_type=\"widget\" data-e-type=\"widget\" data-widget_type=\"text-editor.default\">\n\t\t\t\t<div class=\"elementor-widget-container\">\n\t\t\t\t\tWhat we do is for the well-being and interests of our customers. We must strive to ensure that our products and services are better than those of our competitors and exceed our customers\u2019 expectations. We also strive to meet market needs by offering innovative and economical solutions. Only then is it possible to offer valuable products and services at reasonable prices. By working closely with our customers we provide knowledge and experience which are mutually beneficial. Our stated goal is to fully meet our customers\u2019 requirements by working together with them from the outset.\t\t\t\t<\/div>\n\t\t\t\t<\/div>\n\t\t\t\t<div class=\"elementor-element elementor-element-6f63e65 elementor-widget__width-inherit elementor-widget elementor-widget-heading\" data-id=\"6f63e65\" data-element_type=\"widget\" data-e-type=\"widget\" data-widget_type=\"heading.default\">\n\t\t\t\t<div class=\"elementor-widget-container\">\n\t\t\t\t\t<h2 class=\"elementor-heading-title elementor-size-default\">CONSTANT DRIVE FOR IMPROVEMENTS IS CRITICAL TO OUR SUCCESS\n<\/h2>\t\t\t\t<\/div>\n\t\t\t\t<\/div>\n\t\t\t\t<div class=\"elementor-element elementor-element-1f91d73 elementor-widget__width-inherit elementor-widget elementor-widget-text-editor\" data-id=\"1f91d73\" data-element_type=\"widget\" data-e-type=\"widget\" data-widget_type=\"text-editor.default\">\n\t\t\t\t<div class=\"elementor-widget-container\">\n\t\t\t\t\tWe must strive to excel in everything we do. This applies to our products and services, their reliability and value, our competitiveness and profitability. We must also avoid inefficiencies in all areas of our business.\n<br>\n<b>Please contact us. We would be pleased to speak to you regarding your needs and wants.<\/b>\t\t\t\t<\/div>\n\t\t\t\t<\/div>\n\t\t\t\t<div class=\"elementor-element elementor-element-c98b81f elementor-widget__width-inherit elementor-widget elementor-widget-heading\" data-id=\"c98b81f\" data-element_type=\"widget\" data-e-type=\"widget\" data-widget_type=\"heading.default\">\n\t\t\t\t<div class=\"elementor-widget-container\">\n\t\t\t\t\t<h2 class=\"elementor-heading-title elementor-size-default\">TEAMWORK AND COORDINATION\n<\/h2>\t\t\t\t<\/div>\n\t\t\t\t<\/div>\n\t\t\t\t<div class=\"elementor-element elementor-element-a7fb95c elementor-widget__width-inherit elementor-widget elementor-widget-text-editor\" data-id=\"a7fb95c\" data-element_type=\"widget\" data-e-type=\"widget\" data-widget_type=\"text-editor.default\">\n\t\t\t\t<div class=\"elementor-widget-container\">\n\t\t\t\t\tThis is needed in all departments to enhance the efficiency of the overall system. Offering services that are in line with requirements is a task and duty everyone shares \u2013 i.e. everyone is responsible for the quality of service provided.\t\t\t\t<\/div>\n\t\t\t\t<\/div>\n\t\t\t\t<\/div>\n\t\t<div class=\"elementor-element elementor-element-fb8d16b e-con-full e-flex e-con e-child\" data-id=\"fb8d16b\" data-element_type=\"container\" data-e-type=\"container\">\n\t\t\t\t<div class=\"elementor-element elementor-element-5fc54c4 elementor-widget elementor-widget-image\" data-id=\"5fc54c4\" data-element_type=\"widget\" data-e-type=\"widget\" data-widget_type=\"image.default\">\n\t\t\t\t<div class=\"elementor-widget-container\">\n\t\t\t\t\t<img fetchpriority=\"high\" decoding=\"async\" width=\"700\" height=\"430\" src=\"https:\/\/schmierstoffedeutschland.de\/wp-content\/uploads\/unternehmensphilosophie.jpg\" class=\"attachment-large size-large wp-image-2105\" alt=\"\" srcset=\"https:\/\/schmierstoffedeutschland.de\/wp-content\/uploads\/unternehmensphilosophie.jpg 700w, https:\/\/schmierstoffedeutschland.de\/wp-content\/uploads\/unternehmensphilosophie-300x184.jpg 300w\" sizes=\"(max-width: 700px) 100vw, 700px\" \/>\t\t\t\t<\/div>\n\t\t\t\t<\/div>\n\t\t\t\t<div class=\"elementor-element elementor-element-6ddf4df elementor-widget__width-inherit elementor-widget elementor-widget-heading\" data-id=\"6ddf4df\" data-element_type=\"widget\" data-e-type=\"widget\" data-widget_type=\"heading.default\">\n\t\t\t\t<div class=\"elementor-widget-container\">\n\t\t\t\t\t<h2 class=\"elementor-heading-title elementor-size-default\">NEW APPROACHES\n<\/h2>\t\t\t\t<\/div>\n\t\t\t\t<\/div>\n\t\t\t\t<div class=\"elementor-element elementor-element-f51d8fc elementor-widget__width-inherit elementor-widget elementor-widget-text-editor\" data-id=\"f51d8fc\" data-element_type=\"widget\" data-e-type=\"widget\" data-widget_type=\"text-editor.default\">\n\t\t\t\t<div class=\"elementor-widget-container\">\n\t\t\t\t\tDue to our constant desire to break new ground, we are creating the basis for reliable, secure procedures, products, services and processes.\t\t\t\t<\/div>\n\t\t\t\t<\/div>\n\t\t\t\t<div class=\"elementor-element elementor-element-4f799da elementor-widget__width-inherit elementor-widget elementor-widget-heading\" data-id=\"4f799da\" data-element_type=\"widget\" data-e-type=\"widget\" data-widget_type=\"heading.default\">\n\t\t\t\t<div class=\"elementor-widget-container\">\n\t\t\t\t\t<h2 class=\"elementor-heading-title elementor-size-default\">M-SYSTEM AND IMPLEMENTATION\n<\/h2>\t\t\t\t<\/div>\n\t\t\t\t<\/div>\n\t\t\t\t<div class=\"elementor-element elementor-element-94b3545 elementor-widget__width-inherit elementor-widget elementor-widget-text-editor\" data-id=\"94b3545\" data-element_type=\"widget\" data-e-type=\"widget\" data-widget_type=\"text-editor.default\">\n\t\t\t\t<div class=\"elementor-widget-container\">\n\t\t\t\t\tEveryone in the company is encouraged to contribute to the implementation of corporate policy and to achieving the corporate goals. All instructions regarding the M-system should be applied and updated.\t\t\t\t<\/div>\n\t\t\t\t<\/div>\n\t\t\t\t<\/div>\n\t\t\t\t\t<\/div>\n\t\t\t\t<\/div>\n\t\t\t\t<\/div>","protected":false},"excerpt":{"rendered":"<p>Unternehmens\u00adphilosophie der Elles Ober\u00adfl\u00e4chen Systeme GmbH Liebe Kunden, Mitarbeiterinnen und Mitarbeiter, wir alle erwarten bei einem Einkauf f\u00fcr unser gutes Geld gute Qualit\u00e4t. Unsere Kunden erwarten das von uns ebenso. Deshalb m\u00fcssen wir in jeder Stufe unseres Prozesses qualit\u00e4tsbewusste Arbeit leisten. Unser Unternehmen hat sich f\u00fcr diesen eigenen Qualit\u00e4tsanspruch die folgenden Grunds\u00e4tze gegeben. Helfen Sie [&hellip;]<\/p>\n","protected":false},"author":1,"featured_media":0,"parent":0,"menu_order":0,"comment_status":"closed","ping_status":"closed","template":"","meta":{"footnotes":""},"class_list":["post-2097","page","type-page","status-publish","hentry"],"yoast_head":"<!-- This site is optimized with the Yoast SEO plugin v27.3 - https:\/\/yoast.com\/product\/yoast-seo-wordpress\/ -->\n<title>Unternehmensphilosophie der Elles Oberfl\u00e4chen Systeme.<\/title>\n<meta name=\"description\" content=\"Lesen Sie hier mehr \u00fcber die Unternehmensphilosophie der Elles Oberfl\u00e4chen Systeme, damit Sie wissen, dass Ihr Auftrag in guten H\u00e4nden ist.\" \/>\n<meta name=\"robots\" content=\"index, follow, max-snippet:-1, max-image-preview:large, max-video-preview:-1\" \/>\n<link rel=\"canonical\" href=\"https:\/\/schmierstoffedeutschland.de\/en_uk\/unternehmensphilosophie\" \/>\n<meta property=\"og:locale\" content=\"en_US\" \/>\n<meta property=\"og:type\" content=\"article\" \/>\n<meta property=\"og:title\" content=\"Unternehmensphilosophie der Elles Oberfl\u00e4chen Systeme.\" \/>\n<meta property=\"og:description\" content=\"Lesen Sie hier mehr \u00fcber die Unternehmensphilosophie der Elles Oberfl\u00e4chen Systeme, damit Sie wissen, dass Ihr Auftrag in guten H\u00e4nden ist.\" \/>\n<meta property=\"og:url\" content=\"https:\/\/schmierstoffedeutschland.de\/en_uk\/unternehmensphilosophie\" \/>\n<meta property=\"og:site_name\" content=\"Elles Oberfl\u00e4chen Systeme GmbH\" \/>\n<meta property=\"article:modified_time\" content=\"2024-09-09T13:17:54+00:00\" \/>\n<meta property=\"og:image\" content=\"https:\/\/schmierstoffedeutschland.de\/wp-content\/uploads\/unternehmensphilosophie.jpg\" \/>\n<meta name=\"twitter:card\" content=\"summary_large_image\" \/>\n<meta name=\"twitter:label1\" content=\"Est. reading time\" \/>\n\t<meta name=\"twitter:data1\" content=\"2 minutes\" \/>\n<script type=\"application\/ld+json\" class=\"yoast-schema-graph\">{\"@context\":\"https:\\\/\\\/schema.org\",\"@graph\":[{\"@type\":\"WebPage\",\"@id\":\"https:\\\/\\\/schmierstoffedeutschland.de\\\/unternehmensphilosophie\",\"url\":\"https:\\\/\\\/schmierstoffedeutschland.de\\\/unternehmensphilosophie\",\"name\":\"Unternehmensphilosophie der Elles Oberfl\u00e4chen Systeme.\",\"isPartOf\":{\"@id\":\"https:\\\/\\\/schmierstoffedeutschland.de\\\/#website\"},\"primaryImageOfPage\":{\"@id\":\"https:\\\/\\\/schmierstoffedeutschland.de\\\/unternehmensphilosophie#primaryimage\"},\"image\":{\"@id\":\"https:\\\/\\\/schmierstoffedeutschland.de\\\/unternehmensphilosophie#primaryimage\"},\"thumbnailUrl\":\"https:\\\/\\\/schmierstoffedeutschland.de\\\/wp-content\\\/uploads\\\/unternehmensphilosophie.jpg\",\"datePublished\":\"2023-09-01T07:00:07+00:00\",\"dateModified\":\"2024-09-09T13:17:54+00:00\",\"description\":\"Lesen Sie hier mehr \u00fcber die Unternehmensphilosophie der Elles Oberfl\u00e4chen Systeme, damit Sie wissen, dass Ihr Auftrag in guten H\u00e4nden ist.\",\"breadcrumb\":{\"@id\":\"https:\\\/\\\/schmierstoffedeutschland.de\\\/unternehmensphilosophie#breadcrumb\"},\"inLanguage\":\"en-UK\",\"potentialAction\":[{\"@type\":\"ReadAction\",\"target\":[\"https:\\\/\\\/schmierstoffedeutschland.de\\\/unternehmensphilosophie\"]}]},{\"@type\":\"ImageObject\",\"inLanguage\":\"en-UK\",\"@id\":\"https:\\\/\\\/schmierstoffedeutschland.de\\\/unternehmensphilosophie#primaryimage\",\"url\":\"https:\\\/\\\/schmierstoffedeutschland.de\\\/wp-content\\\/uploads\\\/unternehmensphilosophie.jpg\",\"contentUrl\":\"https:\\\/\\\/schmierstoffedeutschland.de\\\/wp-content\\\/uploads\\\/unternehmensphilosophie.jpg\"},{\"@type\":\"BreadcrumbList\",\"@id\":\"https:\\\/\\\/schmierstoffedeutschland.de\\\/unternehmensphilosophie#breadcrumb\",\"itemListElement\":[{\"@type\":\"ListItem\",\"position\":1,\"name\":\"Startseite\",\"item\":\"https:\\\/\\\/schmierstoffedeutschland.de\\\/\"},{\"@type\":\"ListItem\",\"position\":2,\"name\":\"Unternehmens\u00adphilosophie\"}]},{\"@type\":\"WebSite\",\"@id\":\"https:\\\/\\\/schmierstoffedeutschland.de\\\/#website\",\"url\":\"https:\\\/\\\/schmierstoffedeutschland.de\\\/\",\"name\":\"Elles Oberfl\u00e4chen Systeme GmbH\",\"description\":\"Der faire Schmier\u00adstoff\u00adpartner\",\"publisher\":{\"@id\":\"https:\\\/\\\/schmierstoffedeutschland.de\\\/#organization\"},\"potentialAction\":[{\"@type\":\"SearchAction\",\"target\":{\"@type\":\"EntryPoint\",\"urlTemplate\":\"https:\\\/\\\/schmierstoffedeutschland.de\\\/?s={search_term_string}\"},\"query-input\":{\"@type\":\"PropertyValueSpecification\",\"valueRequired\":true,\"valueName\":\"search_term_string\"}}],\"inLanguage\":\"en-UK\"},{\"@type\":\"Organization\",\"@id\":\"https:\\\/\\\/schmierstoffedeutschland.de\\\/#organization\",\"name\":\"Elles Oberfl\u00e4chen Systeme GmbH\",\"url\":\"https:\\\/\\\/schmierstoffedeutschland.de\\\/\",\"logo\":{\"@type\":\"ImageObject\",\"inLanguage\":\"en-UK\",\"@id\":\"https:\\\/\\\/schmierstoffedeutschland.de\\\/#\\\/schema\\\/logo\\\/image\\\/\",\"url\":\"https:\\\/\\\/schmierstoffedeutschland.de\\\/wp-content\\\/uploads\\\/logo.png\",\"contentUrl\":\"https:\\\/\\\/schmierstoffedeutschland.de\\\/wp-content\\\/uploads\\\/logo.png\",\"width\":1012,\"height\":714,\"caption\":\"Elles Oberfl\u00e4chen Systeme GmbH\"},\"image\":{\"@id\":\"https:\\\/\\\/schmierstoffedeutschland.de\\\/#\\\/schema\\\/logo\\\/image\\\/\"}}]}<\/script>\n<!-- \/ Yoast SEO plugin. -->","yoast_head_json":{"title":"Corporate Philosophy - We all expect to get good quality products for the money that we spend.","description":"Corporate Philosophy - We all expect to get good quality products for the money that we spend.","robots":{"index":"index","follow":"follow","max-snippet":"max-snippet:-1","max-image-preview":"max-image-preview:large","max-video-preview":"max-video-preview:-1"},"canonical":"https:\/\/schmierstoffedeutschland.de\/en_uk\/unternehmensphilosophie","og_locale":"en_US","og_type":"article","og_title":"Unternehmensphilosophie der Elles Oberfl\u00e4chen Systeme.","og_description":"Lesen Sie hier mehr \u00fcber die Unternehmensphilosophie der Elles Oberfl\u00e4chen Systeme, damit Sie wissen, dass Ihr Auftrag in guten H\u00e4nden ist.","og_url":"https:\/\/schmierstoffedeutschland.de\/en_uk\/unternehmensphilosophie","og_site_name":"Elles Oberfl\u00e4chen Systeme GmbH","article_modified_time":"2024-09-09T13:17:54+00:00","og_image":[{"url":"https:\/\/schmierstoffedeutschland.de\/wp-content\/uploads\/unternehmensphilosophie.jpg","type":"","width":"","height":""}],"twitter_card":"summary_large_image","twitter_misc":{"Est. reading time":"2 minutes"},"schema":{"@context":"https:\/\/schema.org","@graph":[{"@type":"WebPage","@id":"https:\/\/schmierstoffedeutschland.de\/unternehmensphilosophie","url":"https:\/\/schmierstoffedeutschland.de\/unternehmensphilosophie","name":"Corporate Philosophy - We all expect to get good quality products for the money that we spend.","isPartOf":{"@id":"https:\/\/schmierstoffedeutschland.de\/#website"},"primaryImageOfPage":{"@id":"https:\/\/schmierstoffedeutschland.de\/unternehmensphilosophie#primaryimage"},"image":{"@id":"https:\/\/schmierstoffedeutschland.de\/unternehmensphilosophie#primaryimage"},"thumbnailUrl":"https:\/\/schmierstoffedeutschland.de\/wp-content\/uploads\/unternehmensphilosophie.jpg","datePublished":"2023-09-01T07:00:07+00:00","dateModified":"2024-09-09T13:17:54+00:00","description":"Corporate Philosophy - We all expect to get good quality products for the money that we spend.","breadcrumb":{"@id":"https:\/\/schmierstoffedeutschland.de\/unternehmensphilosophie#breadcrumb"},"inLanguage":"en-UK","potentialAction":[{"@type":"ReadAction","target":["https:\/\/schmierstoffedeutschland.de\/unternehmensphilosophie"]}]},{"@type":"ImageObject","inLanguage":"en-UK","@id":"https:\/\/schmierstoffedeutschland.de\/unternehmensphilosophie#primaryimage","url":"https:\/\/schmierstoffedeutschland.de\/wp-content\/uploads\/unternehmensphilosophie.jpg","contentUrl":"https:\/\/schmierstoffedeutschland.de\/wp-content\/uploads\/unternehmensphilosophie.jpg"},{"@type":"BreadcrumbList","@id":"https:\/\/schmierstoffedeutschland.de\/unternehmensphilosophie#breadcrumb","itemListElement":[{"@type":"ListItem","position":1,"name":"Startseite","item":"https:\/\/schmierstoffedeutschland.de\/"},{"@type":"ListItem","position":2,"name":"Unternehmens\u00adphilosophie"}]},{"@type":"WebSite","@id":"https:\/\/schmierstoffedeutschland.de\/#website","url":"https:\/\/schmierstoffedeutschland.de\/","name":"Elles Oberfl\u00e4chen Systeme GmbH","description":"The focus is on the process.","publisher":{"@id":"https:\/\/schmierstoffedeutschland.de\/#organization"},"potentialAction":[{"@type":"SearchAction","target":{"@type":"EntryPoint","urlTemplate":"https:\/\/schmierstoffedeutschland.de\/?s={search_term_string}"},"query-input":{"@type":"PropertyValueSpecification","valueRequired":true,"valueName":"search_term_string"}}],"inLanguage":"en-UK"},{"@type":"Organization","@id":"https:\/\/schmierstoffedeutschland.de\/#organization","name":"Elles Oberfl\u00e4chen Systeme GmbH","url":"https:\/\/schmierstoffedeutschland.de\/","logo":{"@type":"ImageObject","inLanguage":"en-UK","@id":"https:\/\/schmierstoffedeutschland.de\/#\/schema\/logo\/image\/","url":"https:\/\/schmierstoffedeutschland.de\/wp-content\/uploads\/logo.png","contentUrl":"https:\/\/schmierstoffedeutschland.de\/wp-content\/uploads\/logo.png","width":1012,"height":714,"caption":"Elles Oberfl\u00e4chen Systeme GmbH"},"image":{"@id":"https:\/\/schmierstoffedeutschland.de\/#\/schema\/logo\/image\/"}}]}},"_links":{"self":[{"href":"https:\/\/schmierstoffedeutschland.de\/en_uk\/wp-json\/wp\/v2\/pages\/2097","targetHints":{"allow":["GET"]}}],"collection":[{"href":"https:\/\/schmierstoffedeutschland.de\/en_uk\/wp-json\/wp\/v2\/pages"}],"about":[{"href":"https:\/\/schmierstoffedeutschland.de\/en_uk\/wp-json\/wp\/v2\/types\/page"}],"author":[{"embeddable":true,"href":"https:\/\/schmierstoffedeutschland.de\/en_uk\/wp-json\/wp\/v2\/users\/1"}],"replies":[{"embeddable":true,"href":"https:\/\/schmierstoffedeutschland.de\/en_uk\/wp-json\/wp\/v2\/comments?post=2097"}],"version-history":[{"count":27,"href":"https:\/\/schmierstoffedeutschland.de\/en_uk\/wp-json\/wp\/v2\/pages\/2097\/revisions"}],"predecessor-version":[{"id":2948,"href":"https:\/\/schmierstoffedeutschland.de\/en_uk\/wp-json\/wp\/v2\/pages\/2097\/revisions\/2948"}],"wp:attachment":[{"href":"https:\/\/schmierstoffedeutschland.de\/en_uk\/wp-json\/wp\/v2\/media?parent=2097"}],"curies":[{"name":"wp","href":"https:\/\/api.w.org\/{rel}","templated":true}]}}