{"id":2219,"date":"2023-09-07T06:49:25","date_gmt":"2023-09-07T06:49:25","guid":{"rendered":"https:\/\/schmierstoffedeutschland.de\/?page_id=2219"},"modified":"2024-09-09T13:45:22","modified_gmt":"2024-09-09T13:45:22","slug":"lebensmittelschmierstoffe","status":"publish","type":"page","link":"https:\/\/schmierstoffedeutschland.de\/en_uk\/lebensmittelschmierstoffe","title":{"rendered":"Food grade lubricants"},"content":{"rendered":"<div data-elementor-type=\"wp-page\" data-elementor-id=\"2219\" class=\"elementor elementor-2219\" data-elementor-post-type=\"page\">\n\t\t\t\t<div class=\"elementor-element elementor-element-9448368 e-flex e-con-boxed e-con e-parent\" data-id=\"9448368\" data-element_type=\"container\" data-e-type=\"container\" id=\"text\">\n\t\t\t\t\t<div class=\"e-con-inner\">\n\t\t\t\t<div class=\"elementor-element elementor-element-e08f481 elementor-widget__width-inherit elementor-widget elementor-widget-heading\" data-id=\"e08f481\" data-element_type=\"widget\" data-e-type=\"widget\" data-widget_type=\"heading.default\">\n\t\t\t\t<div class=\"elementor-widget-container\">\n\t\t\t\t\t<h1 class=\"elementor-heading-title elementor-size-default\">Food lubricants\n<\/h1>\t\t\t\t<\/div>\n\t\t\t\t<\/div>\n\t\t<div class=\"elementor-element elementor-element-35b018e e-con-full e-flex e-con e-child\" data-id=\"35b018e\" data-element_type=\"container\" data-e-type=\"container\">\n\t\t\t\t<div class=\"elementor-element elementor-element-addd685 elementor-widget__width-inherit elementor-widget-tablet__width-inherit elementor-widget elementor-widget-heading\" data-id=\"addd685\" data-element_type=\"widget\" data-e-type=\"widget\" data-widget_type=\"heading.default\">\n\t\t\t\t<div class=\"elementor-widget-container\">\n\t\t\t\t\t<style>.elementor-element-addd685{display:none !important}<\/style>\t\t\t\t<\/div>\n\t\t\t\t<\/div>\n\t\t\t\t<div class=\"elementor-element elementor-element-7f3a693 elementor-widget__width-inherit elementor-widget elementor-widget-text-editor\" data-id=\"7f3a693\" data-element_type=\"widget\" data-e-type=\"widget\" data-widget_type=\"text-editor.default\">\n\t\t\t\t<div class=\"elementor-widget-container\">\n\t\t\t\t\t<div class=\"uk-width-1-1 uk-width-small-1-1 uk-width-medium-1-2\"><p>When selecting a suitable lubricant for machinery and equipment used in the food industry, the lubricant needs to have specific properties. Special lubricants for the food industry should meet both technological and hygiene requirements of food production and have USDA H1 approval.\n\n<br><br>Food oils and greases are produced from synthetic and highly refined base oils and are designed for heavy use.<\/p><\/div><div class=\"uk-width-1-1 uk-width-small-1-1 uk-width-medium-1-2\">\u00a0<\/div>\t\t\t\t<\/div>\n\t\t\t\t<\/div>\n\t\t\t\t<\/div>\n\t\t<div class=\"elementor-element elementor-element-85daa71 e-con-full e-flex e-con e-child\" data-id=\"85daa71\" data-element_type=\"container\" data-e-type=\"container\">\n\t\t\t\t<div class=\"elementor-element elementor-element-ab582ae elementor-widget__width-inherit elementor-widget elementor-widget-text-editor\" data-id=\"ab582ae\" data-element_type=\"widget\" data-e-type=\"widget\" data-widget_type=\"text-editor.default\">\n\t\t\t\t<div class=\"elementor-widget-container\">\n\t\t\t\t\tThey are designed in such a way to prevent water, steam, acids or alkalis cleaning off the lubricant.\t\t\t\t<\/div>\n\t\t\t\t<\/div>\n\t\t\t\t<div class=\"elementor-element elementor-element-e8968b9 elementor-widget__width-inherit elementor-widget-tablet__width-inherit elementor-widget elementor-widget-heading\" data-id=\"e8968b9\" data-element_type=\"widget\" data-e-type=\"widget\" data-widget_type=\"heading.default\">\n\t\t\t\t<div class=\"elementor-widget-container\">\n\t\t\t\t\t<h3 class=\"elementor-heading-title elementor-size-default\">Use of food lubricants\n<\/h3>\t\t\t\t<\/div>\n\t\t\t\t<\/div>\n\t\t\t\t<div class=\"elementor-element elementor-element-d4d7383 elementor-widget__width-inherit elementor-widget elementor-widget-text-editor\" data-id=\"d4d7383\" data-element_type=\"widget\" data-e-type=\"widget\" data-widget_type=\"text-editor.default\">\n\t\t\t\t<div class=\"elementor-widget-container\">\n\t\t\t\t\tOur range of products covers almost all machinery applications with food lubricants. Please contact us. We would be pleased to speak to you regarding your requirements.\t\t\t\t<\/div>\n\t\t\t\t<\/div>\n\t\t\t\t<\/div>\n\t\t\t\t\t<\/div>\n\t\t\t\t<\/div>\n\t\t\t\t<\/div>","protected":false},"excerpt":{"rendered":"<p>Lebensmittel\u00adschmier\u00adstoffe f\u00fcr die Industrie Lebensmittel-\u00d6le und Fette f\u00fcr h\u00f6chste Anspr\u00fcche Bei der Auswahl eines geeigneten Schmierstoffs f\u00fcr Maschinen und Anlagen in der Lebensmittel\u00adindustrie sind besondere Eigenschaften gefragt. Unsere Sonderschmierstoffe f\u00fcr die Lebensmittel\u00adindustrie erf\u00fcllen sowohl die technischen als auch hygienischen Anforderungen aus der Lebensmittel\u00adproduktion und haben die Zulassung nach USDA H1. \u00a0Die Lebensmittel-\u00d6le und Fette sind [&hellip;]<\/p>\n","protected":false},"author":1,"featured_media":0,"parent":0,"menu_order":0,"comment_status":"closed","ping_status":"closed","template":"","meta":{"footnotes":""},"class_list":["post-2219","page","type-page","status-publish","hentry"],"yoast_head":"<!-- This site is optimized with the Yoast SEO plugin v27.4 - https:\/\/yoast.com\/product\/yoast-seo-wordpress\/ -->\n<title>Lebensmittelschmierstoffe f\u00fcr h\u00f6chste Anspr\u00fcche<\/title>\n<meta name=\"description\" content=\"Bei uns erhalten Sie verschiedenste Lebensmittelschmierstoffe f\u00fcr fast alle Aufgaben in der Lebensmittelindustrie. Sprechen Sie uns an!\" \/>\n<meta name=\"robots\" content=\"index, follow, max-snippet:-1, max-image-preview:large, max-video-preview:-1\" \/>\n<link rel=\"canonical\" href=\"https:\/\/schmierstoffedeutschland.de\/en_uk\/lebensmittelschmierstoffe\" \/>\n<meta property=\"og:locale\" content=\"en_US\" \/>\n<meta property=\"og:type\" content=\"article\" \/>\n<meta property=\"og:title\" content=\"Lebensmittelschmierstoffe f\u00fcr h\u00f6chste Anspr\u00fcche\" \/>\n<meta property=\"og:description\" content=\"Bei uns erhalten Sie verschiedenste Lebensmittelschmierstoffe f\u00fcr fast alle Aufgaben in der Lebensmittelindustrie. Sprechen Sie uns an!\" \/>\n<meta property=\"og:url\" content=\"https:\/\/schmierstoffedeutschland.de\/en_uk\/lebensmittelschmierstoffe\" \/>\n<meta property=\"og:site_name\" content=\"Elles Oberfl\u00e4chen Systeme GmbH\" \/>\n<meta property=\"article:modified_time\" content=\"2024-09-09T13:45:22+00:00\" \/>\n<meta name=\"twitter:card\" content=\"summary_large_image\" \/>\n<meta name=\"twitter:label1\" content=\"Est. reading time\" \/>\n\t<meta name=\"twitter:data1\" content=\"1 minute\" \/>\n<script type=\"application\/ld+json\" class=\"yoast-schema-graph\">{\"@context\":\"https:\\\/\\\/schema.org\",\"@graph\":[{\"@type\":\"WebPage\",\"@id\":\"https:\\\/\\\/schmierstoffedeutschland.de\\\/lebensmittelschmierstoffe\",\"url\":\"https:\\\/\\\/schmierstoffedeutschland.de\\\/lebensmittelschmierstoffe\",\"name\":\"Lebensmittelschmierstoffe f\u00fcr h\u00f6chste Anspr\u00fcche\",\"isPartOf\":{\"@id\":\"https:\\\/\\\/schmierstoffedeutschland.de\\\/#website\"},\"datePublished\":\"2023-09-07T06:49:25+00:00\",\"dateModified\":\"2024-09-09T13:45:22+00:00\",\"description\":\"Bei uns erhalten Sie verschiedenste Lebensmittelschmierstoffe f\u00fcr fast alle Aufgaben in der Lebensmittelindustrie. Sprechen Sie uns an!\",\"breadcrumb\":{\"@id\":\"https:\\\/\\\/schmierstoffedeutschland.de\\\/lebensmittelschmierstoffe#breadcrumb\"},\"inLanguage\":\"en-UK\",\"potentialAction\":[{\"@type\":\"ReadAction\",\"target\":[\"https:\\\/\\\/schmierstoffedeutschland.de\\\/lebensmittelschmierstoffe\"]}]},{\"@type\":\"BreadcrumbList\",\"@id\":\"https:\\\/\\\/schmierstoffedeutschland.de\\\/lebensmittelschmierstoffe#breadcrumb\",\"itemListElement\":[{\"@type\":\"ListItem\",\"position\":1,\"name\":\"Startseite\",\"item\":\"https:\\\/\\\/schmierstoffedeutschland.de\\\/\"},{\"@type\":\"ListItem\",\"position\":2,\"name\":\"Lebensmittel\u00adschmier\u00adstoffe\"}]},{\"@type\":\"WebSite\",\"@id\":\"https:\\\/\\\/schmierstoffedeutschland.de\\\/#website\",\"url\":\"https:\\\/\\\/schmierstoffedeutschland.de\\\/\",\"name\":\"Elles Oberfl\u00e4chen Systeme GmbH\",\"description\":\"Der faire Schmier\u00adstoff\u00adpartner\",\"publisher\":{\"@id\":\"https:\\\/\\\/schmierstoffedeutschland.de\\\/#organization\"},\"potentialAction\":[{\"@type\":\"SearchAction\",\"target\":{\"@type\":\"EntryPoint\",\"urlTemplate\":\"https:\\\/\\\/schmierstoffedeutschland.de\\\/?s={search_term_string}\"},\"query-input\":{\"@type\":\"PropertyValueSpecification\",\"valueRequired\":true,\"valueName\":\"search_term_string\"}}],\"inLanguage\":\"en-UK\"},{\"@type\":\"Organization\",\"@id\":\"https:\\\/\\\/schmierstoffedeutschland.de\\\/#organization\",\"name\":\"Elles Oberfl\u00e4chen Systeme GmbH\",\"url\":\"https:\\\/\\\/schmierstoffedeutschland.de\\\/\",\"logo\":{\"@type\":\"ImageObject\",\"inLanguage\":\"en-UK\",\"@id\":\"https:\\\/\\\/schmierstoffedeutschland.de\\\/#\\\/schema\\\/logo\\\/image\\\/\",\"url\":\"https:\\\/\\\/schmierstoffedeutschland.de\\\/wp-content\\\/uploads\\\/logo.png\",\"contentUrl\":\"https:\\\/\\\/schmierstoffedeutschland.de\\\/wp-content\\\/uploads\\\/logo.png\",\"width\":1012,\"height\":714,\"caption\":\"Elles Oberfl\u00e4chen Systeme GmbH\"},\"image\":{\"@id\":\"https:\\\/\\\/schmierstoffedeutschland.de\\\/#\\\/schema\\\/logo\\\/image\\\/\"}}]}<\/script>\n<!-- \/ Yoast SEO plugin. -->","yoast_head_json":{"title":"Food grade lubricants - Use of food lubricants","description":"Food grade lubricants - Use of food lubricants - Elles Oberfl\u00e4chen Systeme GmbH","robots":{"index":"index","follow":"follow","max-snippet":"max-snippet:-1","max-image-preview":"max-image-preview:large","max-video-preview":"max-video-preview:-1"},"canonical":"https:\/\/schmierstoffedeutschland.de\/en_uk\/lebensmittelschmierstoffe","og_locale":"en_US","og_type":"article","og_title":"Lebensmittelschmierstoffe f\u00fcr h\u00f6chste Anspr\u00fcche","og_description":"Bei uns erhalten Sie verschiedenste Lebensmittelschmierstoffe f\u00fcr fast alle Aufgaben in der Lebensmittelindustrie. Sprechen Sie uns an!","og_url":"https:\/\/schmierstoffedeutschland.de\/en_uk\/lebensmittelschmierstoffe","og_site_name":"Elles Oberfl\u00e4chen Systeme GmbH","article_modified_time":"2024-09-09T13:45:22+00:00","twitter_card":"summary_large_image","twitter_misc":{"Est. reading time":"1 minute"},"schema":{"@context":"https:\/\/schema.org","@graph":[{"@type":"WebPage","@id":"https:\/\/schmierstoffedeutschland.de\/lebensmittelschmierstoffe","url":"https:\/\/schmierstoffedeutschland.de\/lebensmittelschmierstoffe","name":"Food grade lubricants - Use of food lubricants","isPartOf":{"@id":"https:\/\/schmierstoffedeutschland.de\/#website"},"datePublished":"2023-09-07T06:49:25+00:00","dateModified":"2024-09-09T13:45:22+00:00","description":"Food grade lubricants - Use of food lubricants - Elles Oberfl\u00e4chen Systeme GmbH","breadcrumb":{"@id":"https:\/\/schmierstoffedeutschland.de\/lebensmittelschmierstoffe#breadcrumb"},"inLanguage":"en-UK","potentialAction":[{"@type":"ReadAction","target":["https:\/\/schmierstoffedeutschland.de\/lebensmittelschmierstoffe"]}]},{"@type":"BreadcrumbList","@id":"https:\/\/schmierstoffedeutschland.de\/lebensmittelschmierstoffe#breadcrumb","itemListElement":[{"@type":"ListItem","position":1,"name":"Startseite","item":"https:\/\/schmierstoffedeutschland.de\/"},{"@type":"ListItem","position":2,"name":"Lebensmittel\u00adschmier\u00adstoffe"}]},{"@type":"WebSite","@id":"https:\/\/schmierstoffedeutschland.de\/#website","url":"https:\/\/schmierstoffedeutschland.de\/","name":"Elles Oberfl\u00e4chen Systeme GmbH","description":"The focus is on the process.","publisher":{"@id":"https:\/\/schmierstoffedeutschland.de\/#organization"},"potentialAction":[{"@type":"SearchAction","target":{"@type":"EntryPoint","urlTemplate":"https:\/\/schmierstoffedeutschland.de\/?s={search_term_string}"},"query-input":{"@type":"PropertyValueSpecification","valueRequired":true,"valueName":"search_term_string"}}],"inLanguage":"en-UK"},{"@type":"Organization","@id":"https:\/\/schmierstoffedeutschland.de\/#organization","name":"Elles Oberfl\u00e4chen Systeme GmbH","url":"https:\/\/schmierstoffedeutschland.de\/","logo":{"@type":"ImageObject","inLanguage":"en-UK","@id":"https:\/\/schmierstoffedeutschland.de\/#\/schema\/logo\/image\/","url":"https:\/\/schmierstoffedeutschland.de\/wp-content\/uploads\/logo.png","contentUrl":"https:\/\/schmierstoffedeutschland.de\/wp-content\/uploads\/logo.png","width":1012,"height":714,"caption":"Elles Oberfl\u00e4chen Systeme GmbH"},"image":{"@id":"https:\/\/schmierstoffedeutschland.de\/#\/schema\/logo\/image\/"}}]}},"_links":{"self":[{"href":"https:\/\/schmierstoffedeutschland.de\/en_uk\/wp-json\/wp\/v2\/pages\/2219","targetHints":{"allow":["GET"]}}],"collection":[{"href":"https:\/\/schmierstoffedeutschland.de\/en_uk\/wp-json\/wp\/v2\/pages"}],"about":[{"href":"https:\/\/schmierstoffedeutschland.de\/en_uk\/wp-json\/wp\/v2\/types\/page"}],"author":[{"embeddable":true,"href":"https:\/\/schmierstoffedeutschland.de\/en_uk\/wp-json\/wp\/v2\/users\/1"}],"replies":[{"embeddable":true,"href":"https:\/\/schmierstoffedeutschland.de\/en_uk\/wp-json\/wp\/v2\/comments?post=2219"}],"version-history":[{"count":6,"href":"https:\/\/schmierstoffedeutschland.de\/en_uk\/wp-json\/wp\/v2\/pages\/2219\/revisions"}],"predecessor-version":[{"id":2991,"href":"https:\/\/schmierstoffedeutschland.de\/en_uk\/wp-json\/wp\/v2\/pages\/2219\/revisions\/2991"}],"wp:attachment":[{"href":"https:\/\/schmierstoffedeutschland.de\/en_uk\/wp-json\/wp\/v2\/media?parent=2219"}],"curies":[{"name":"wp","href":"https:\/\/api.w.org\/{rel}","templated":true}]}}