{"id":1678,"date":"2023-04-11T08:20:44","date_gmt":"2023-04-11T08:20:44","guid":{"rendered":"https:\/\/schmierstoffedeutschland.de\/?page_id=1678"},"modified":"2025-02-13T13:10:02","modified_gmt":"2025-02-13T13:10:02","slug":"kontakt","status":"publish","type":"page","link":"https:\/\/schmierstoffedeutschland.de\/fr\/kontakt","title":{"rendered":"Contact"},"content":{"rendered":"<div data-elementor-type=\"wp-page\" data-elementor-id=\"1678\" class=\"elementor elementor-1678\" data-elementor-post-type=\"page\">\n\t\t\t\t<div class=\"elementor-element elementor-element-5e48c62f e-flex e-con-boxed e-con e-parent\" data-id=\"5e48c62f\" data-element_type=\"container\" data-e-type=\"container\" id=\"text\">\n\t\t\t\t\t<div class=\"e-con-inner\">\n\t\t\t\t<div class=\"elementor-element elementor-element-39335c08 elementor-widget__width-inherit elementor-invisible elementor-widget elementor-widget-heading\" data-id=\"39335c08\" data-element_type=\"widget\" data-e-type=\"widget\" data-settings=\"{&quot;_animation&quot;:&quot;fadeInUp&quot;}\" data-widget_type=\"heading.default\">\n\t\t\t\t<div class=\"elementor-widget-container\">\n\t\t\t\t\t<h1 class=\"elementor-heading-title elementor-size-default\">Des directions et Contacter\n<\/h1>\t\t\t\t<\/div>\n\t\t\t\t<\/div>\n\t\t<div class=\"elementor-element elementor-element-3c92f2f e-con-full elementor-hidden-tablet elementor-hidden-mobile e-flex e-con e-child\" data-id=\"3c92f2f\" data-element_type=\"container\" data-e-type=\"container\">\n\t\t\t\t<div class=\"elementor-element elementor-element-51b44d8 elementor-widget__width-inherit elementor-hidden-tablet elementor-hidden-mobile elementor-widget elementor-widget-heading\" data-id=\"51b44d8\" data-element_type=\"widget\" data-e-type=\"widget\" data-widget_type=\"heading.default\">\n\t\t\t\t<div class=\"elementor-widget-container\">\n\t\t\t\t\t<h2 class=\"elementor-heading-title elementor-size-default\">Retrouvez-nous\n<\/h2>\t\t\t\t<\/div>\n\t\t\t\t<\/div>\n\t\t\t\t<div class=\"elementor-element elementor-element-b2a09a0 elementor-widget__width-inherit elementor-hidden-tablet elementor-hidden-mobile elementor-widget elementor-widget-osm-map-elementor\" data-id=\"b2a09a0\" data-element_type=\"widget\" data-e-type=\"widget\" data-widget_type=\"osm-map-elementor.default\">\n\t\t\t\t<div class=\"elementor-widget-container\">\n\t\t\t\t\t<div id=\"osm-map-b2a09a0\" \n        class=\"osm-map-container\" \n        data-center=\"50.7848936,6.4977011\"><\/div>        <script type=\"text\/javascript\">\n                    <\/script>\t\t\t\t<\/div>\n\t\t\t\t<\/div>\n\t\t\t\t<\/div>\n\t\t<div class=\"elementor-element elementor-element-a706e6d e-con-full e-flex e-con e-child\" data-id=\"a706e6d\" data-element_type=\"container\" data-e-type=\"container\">\n\t\t\t\t<div class=\"elementor-element elementor-element-7b1cb6d6 elementor-widget__width-inherit elementor-widget-tablet__width-inherit elementor-widget elementor-widget-heading\" data-id=\"7b1cb6d6\" data-element_type=\"widget\" data-e-type=\"widget\" data-widget_type=\"heading.default\">\n\t\t\t\t<div class=\"elementor-widget-container\">\n\t\t\t\t\t<h2 class=\"elementor-heading-title elementor-size-default\">Contactez-nous<\/h2>\t\t\t\t<\/div>\n\t\t\t\t<\/div>\n\t\t\t\t<div class=\"elementor-element elementor-element-c606003 elementor-widget__width-inherit elementor-widget elementor-widget-text-editor\" data-id=\"c606003\" data-element_type=\"widget\" data-e-type=\"widget\" data-widget_type=\"text-editor.default\">\n\t\t\t\t<div class=\"elementor-widget-container\">\n\t\t\t\t\t<p>Senden Sie uns Ihre Anfrage an: info@ellesos.de<\/p>\t\t\t\t<\/div>\n\t\t\t\t<\/div>\n\t\t\t\t<\/div>\n\t\t\t\t\t<\/div>\n\t\t\t\t<\/div>\n\t\t\t\t<\/div>","protected":false},"excerpt":{"rendered":"<p>Anfahrt und Kontakt Finden Sie uns Nehmen Sie Kontakt auf Senden Sie uns Ihre Anfrage an: info@ellesos.de<\/p>","protected":false},"author":1,"featured_media":0,"parent":0,"menu_order":0,"comment_status":"closed","ping_status":"closed","template":"","meta":{"footnotes":""},"class_list":["post-1678","page","type-page","status-publish","hentry"],"yoast_head":"<!-- This site is optimized with the Yoast SEO plugin v27.3 - https:\/\/yoast.com\/product\/yoast-seo-wordpress\/ -->\n<title>Elles Oberfl\u00e4chen Systeme GmbH - Hier finden Sie unsere Kontaktm\u00f6glichkeiten<\/title>\n<meta name=\"description\" content=\"Hier finden Sie unsere Kontaktm\u00f6glichkeiten. Kontaktieren Sie uns gerne pers\u00f6nlich w\u00e4hrend unserer \u00d6ffnungszeiten.\" \/>\n<meta name=\"robots\" content=\"index, follow, max-snippet:-1, max-image-preview:large, max-video-preview:-1\" \/>\n<link rel=\"canonical\" href=\"https:\/\/schmierstoffedeutschland.de\/fr\/kontakt\" \/>\n<meta property=\"og:locale\" content=\"fr_FR\" \/>\n<meta property=\"og:type\" content=\"article\" \/>\n<meta property=\"og:title\" content=\"Elles Oberfl\u00e4chen Systeme GmbH - Hier finden Sie unsere Kontaktm\u00f6glichkeiten\" \/>\n<meta property=\"og:description\" content=\"Hier finden Sie unsere Kontaktm\u00f6glichkeiten. Kontaktieren Sie uns gerne pers\u00f6nlich w\u00e4hrend unserer \u00d6ffnungszeiten.\" \/>\n<meta property=\"og:url\" content=\"https:\/\/schmierstoffedeutschland.de\/fr\/kontakt\" \/>\n<meta property=\"og:site_name\" content=\"Elles Oberfl\u00e4chen Systeme GmbH\" \/>\n<meta property=\"article:modified_time\" content=\"2025-02-13T13:10:02+00:00\" \/>\n<meta name=\"twitter:card\" content=\"summary_large_image\" \/>\n<meta name=\"twitter:label1\" content=\"Dur\u00e9e de lecture estim\u00e9e\" \/>\n\t<meta name=\"twitter:data1\" content=\"3 minutes\" \/>\n<script type=\"application\/ld+json\" class=\"yoast-schema-graph\">{\"@context\":\"https:\\\/\\\/schema.org\",\"@graph\":[{\"@type\":\"WebPage\",\"@id\":\"https:\\\/\\\/schmierstoffedeutschland.de\\\/kontakt\",\"url\":\"https:\\\/\\\/schmierstoffedeutschland.de\\\/kontakt\",\"name\":\"Elles Oberfl\u00e4chen Systeme GmbH - Hier finden Sie unsere Kontaktm\u00f6glichkeiten\",\"isPartOf\":{\"@id\":\"https:\\\/\\\/schmierstoffedeutschland.de\\\/#website\"},\"datePublished\":\"2023-04-11T08:20:44+00:00\",\"dateModified\":\"2025-02-13T13:10:02+00:00\",\"description\":\"Hier finden Sie unsere Kontaktm\u00f6glichkeiten. Kontaktieren Sie uns gerne pers\u00f6nlich w\u00e4hrend unserer \u00d6ffnungszeiten.\",\"breadcrumb\":{\"@id\":\"https:\\\/\\\/schmierstoffedeutschland.de\\\/kontakt#breadcrumb\"},\"inLanguage\":\"fr-FR\",\"potentialAction\":[{\"@type\":\"ReadAction\",\"target\":[\"https:\\\/\\\/schmierstoffedeutschland.de\\\/kontakt\"]}]},{\"@type\":\"BreadcrumbList\",\"@id\":\"https:\\\/\\\/schmierstoffedeutschland.de\\\/kontakt#breadcrumb\",\"itemListElement\":[{\"@type\":\"ListItem\",\"position\":1,\"name\":\"Startseite\",\"item\":\"https:\\\/\\\/schmierstoffedeutschland.de\\\/\"},{\"@type\":\"ListItem\",\"position\":2,\"name\":\"Kontakt\"}]},{\"@type\":\"WebSite\",\"@id\":\"https:\\\/\\\/schmierstoffedeutschland.de\\\/#website\",\"url\":\"https:\\\/\\\/schmierstoffedeutschland.de\\\/\",\"name\":\"Elles Oberfl\u00e4chen Systeme GmbH\",\"description\":\"Der faire Schmier\u00adstoff\u00adpartner\",\"publisher\":{\"@id\":\"https:\\\/\\\/schmierstoffedeutschland.de\\\/#organization\"},\"potentialAction\":[{\"@type\":\"SearchAction\",\"target\":{\"@type\":\"EntryPoint\",\"urlTemplate\":\"https:\\\/\\\/schmierstoffedeutschland.de\\\/?s={search_term_string}\"},\"query-input\":{\"@type\":\"PropertyValueSpecification\",\"valueRequired\":true,\"valueName\":\"search_term_string\"}}],\"inLanguage\":\"fr-FR\"},{\"@type\":\"Organization\",\"@id\":\"https:\\\/\\\/schmierstoffedeutschland.de\\\/#organization\",\"name\":\"Elles Oberfl\u00e4chen Systeme GmbH\",\"url\":\"https:\\\/\\\/schmierstoffedeutschland.de\\\/\",\"logo\":{\"@type\":\"ImageObject\",\"inLanguage\":\"fr-FR\",\"@id\":\"https:\\\/\\\/schmierstoffedeutschland.de\\\/#\\\/schema\\\/logo\\\/image\\\/\",\"url\":\"https:\\\/\\\/schmierstoffedeutschland.de\\\/wp-content\\\/uploads\\\/logo.png\",\"contentUrl\":\"https:\\\/\\\/schmierstoffedeutschland.de\\\/wp-content\\\/uploads\\\/logo.png\",\"width\":1012,\"height\":714,\"caption\":\"Elles Oberfl\u00e4chen Systeme GmbH\"},\"image\":{\"@id\":\"https:\\\/\\\/schmierstoffedeutschland.de\\\/#\\\/schema\\\/logo\\\/image\\\/\"}}]}<\/script>\n<!-- \/ Yoast SEO plugin. -->","yoast_head_json":{"title":"Elles Oberfl\u00e4chen Systeme GmbH - Hier finden Sie unsere Kontaktm\u00f6glichkeiten","description":"Hier finden Sie unsere Kontaktm\u00f6glichkeiten. Kontaktieren Sie uns gerne pers\u00f6nlich w\u00e4hrend unserer \u00d6ffnungszeiten.","robots":{"index":"index","follow":"follow","max-snippet":"max-snippet:-1","max-image-preview":"max-image-preview:large","max-video-preview":"max-video-preview:-1"},"canonical":"https:\/\/schmierstoffedeutschland.de\/fr\/kontakt","og_locale":"fr_FR","og_type":"article","og_title":"Elles Oberfl\u00e4chen Systeme GmbH - Hier finden Sie unsere Kontaktm\u00f6glichkeiten","og_description":"Hier finden Sie unsere Kontaktm\u00f6glichkeiten. Kontaktieren Sie uns gerne pers\u00f6nlich w\u00e4hrend unserer \u00d6ffnungszeiten.","og_url":"https:\/\/schmierstoffedeutschland.de\/fr\/kontakt","og_site_name":"Elles Oberfl\u00e4chen Systeme GmbH","article_modified_time":"2025-02-13T13:10:02+00:00","twitter_card":"summary_large_image","twitter_misc":{"Dur\u00e9e de lecture estim\u00e9e":"3 minutes"},"schema":{"@context":"https:\/\/schema.org","@graph":[{"@type":"WebPage","@id":"https:\/\/schmierstoffedeutschland.de\/kontakt","url":"https:\/\/schmierstoffedeutschland.de\/kontakt","name":"Elles Oberfl\u00e4chen Systeme GmbH - Hier finden Sie unsere Kontaktm\u00f6glichkeiten","isPartOf":{"@id":"https:\/\/schmierstoffedeutschland.de\/#website"},"datePublished":"2023-04-11T08:20:44+00:00","dateModified":"2025-02-13T13:10:02+00:00","description":"Hier finden Sie unsere Kontaktm\u00f6glichkeiten. Kontaktieren Sie uns gerne pers\u00f6nlich w\u00e4hrend unserer \u00d6ffnungszeiten.","breadcrumb":{"@id":"https:\/\/schmierstoffedeutschland.de\/kontakt#breadcrumb"},"inLanguage":"fr-FR","potentialAction":[{"@type":"ReadAction","target":["https:\/\/schmierstoffedeutschland.de\/kontakt"]}]},{"@type":"BreadcrumbList","@id":"https:\/\/schmierstoffedeutschland.de\/kontakt#breadcrumb","itemListElement":[{"@type":"ListItem","position":1,"name":"Startseite","item":"https:\/\/schmierstoffedeutschland.de\/"},{"@type":"ListItem","position":2,"name":"Kontakt"}]},{"@type":"WebSite","@id":"https:\/\/schmierstoffedeutschland.de\/#website","url":"https:\/\/schmierstoffedeutschland.de\/","name":"Elles Oberfl\u00e4chen Systeme GmbH","description":"Der faire Schmier\u00adstoff\u00adpartner","publisher":{"@id":"https:\/\/schmierstoffedeutschland.de\/#organization"},"potentialAction":[{"@type":"SearchAction","target":{"@type":"EntryPoint","urlTemplate":"https:\/\/schmierstoffedeutschland.de\/?s={search_term_string}"},"query-input":{"@type":"PropertyValueSpecification","valueRequired":true,"valueName":"search_term_string"}}],"inLanguage":"fr-FR"},{"@type":"Organization","@id":"https:\/\/schmierstoffedeutschland.de\/#organization","name":"Elles Oberfl\u00e4chen Systeme GmbH","url":"https:\/\/schmierstoffedeutschland.de\/","logo":{"@type":"ImageObject","inLanguage":"fr-FR","@id":"https:\/\/schmierstoffedeutschland.de\/#\/schema\/logo\/image\/","url":"https:\/\/schmierstoffedeutschland.de\/wp-content\/uploads\/logo.png","contentUrl":"https:\/\/schmierstoffedeutschland.de\/wp-content\/uploads\/logo.png","width":1012,"height":714,"caption":"Elles Oberfl\u00e4chen Systeme GmbH"},"image":{"@id":"https:\/\/schmierstoffedeutschland.de\/#\/schema\/logo\/image\/"}}]}},"_links":{"self":[{"href":"https:\/\/schmierstoffedeutschland.de\/fr\/wp-json\/wp\/v2\/pages\/1678","targetHints":{"allow":["GET"]}}],"collection":[{"href":"https:\/\/schmierstoffedeutschland.de\/fr\/wp-json\/wp\/v2\/pages"}],"about":[{"href":"https:\/\/schmierstoffedeutschland.de\/fr\/wp-json\/wp\/v2\/types\/page"}],"author":[{"embeddable":true,"href":"https:\/\/schmierstoffedeutschland.de\/fr\/wp-json\/wp\/v2\/users\/1"}],"replies":[{"embeddable":true,"href":"https:\/\/schmierstoffedeutschland.de\/fr\/wp-json\/wp\/v2\/comments?post=1678"}],"version-history":[{"count":34,"href":"https:\/\/schmierstoffedeutschland.de\/fr\/wp-json\/wp\/v2\/pages\/1678\/revisions"}],"predecessor-version":[{"id":3101,"href":"https:\/\/schmierstoffedeutschland.de\/fr\/wp-json\/wp\/v2\/pages\/1678\/revisions\/3101"}],"wp:attachment":[{"href":"https:\/\/schmierstoffedeutschland.de\/fr\/wp-json\/wp\/v2\/media?parent=1678"}],"curies":[{"name":"wp","href":"https:\/\/api.w.org\/{rel}","templated":true}]}}